{"id":7,"date":"2012-11-27T19:42:43","date_gmt":"2012-11-27T17:42:43","guid":{"rendered":"http:\/\/www.abdomenstim.de\/de\/?page_id=7"},"modified":"2022-03-13T10:55:30","modified_gmt":"2022-03-13T09:55:30","slug":"team","status":"publish","type":"page","link":"https:\/\/www.abdomenstim.de\/de\/?page_id=7","title":{"rendered":"Team"},"content":{"rendered":"<table style=\"width: 511px;\" border=\"0\" cellspacing=\"0\" cellpadding=\"0\">\n<tbody>\n<tr>\n<td height=\"18\">\n<h1><strong>Unfallkrankenhaus Berlin<\/strong><\/h1>\n<\/td>\n<td><\/td>\n<\/tr>\n<tr>\n<td height=\"18\"><strong>Rainer Seidl<\/strong><br \/>\nPrivatdozent Dr. Rainer O. Seidl ist stellvertretender Klinikdirektor der Klink f\u00fcr Hals-Nasen-Ohrenkranheiten am Unfallkrankenhaus Berlin. Er ist Projektleiter und f\u00fcr administrative Aufgaben zust\u00e4ndig.<br \/>\n<a href=\"http:\/\/www.schlucksprechstunde.de\" target=\"_blank\" rel=\"noopener\">Klinik f\u00fcr Hals-Nasen-Ohrenkrankheiten, ukb<br \/>\nwww.schlucksprechstunde.de<br \/>\n<\/a><a href=\"http:\/\/www.bigdyspro.de\" target=\"_blank\" rel=\"noopener\">www.bigdyspro<\/a><a title=\"Bioimpedanzgeregelte Schluckprothese\" href=\"http:\/\/bigdyspro.de\" target=\"_blank\" rel=\"noopener\">.de<\/a><\/td>\n<td><a href=\"http:\/\/www.abdomenstim.de\/de\/?attachment_id=140\" rel=\"attachment wp-att-140\"><img loading=\"lazy\" class=\"size-medium wp-image-140 aligncenter\" alt=\"Portr\u00e4t Seidl\" src=\"http:\/\/www.abdomenstim.de\/de\/wp-content\/uploads\/2012\/12\/Prot-Seidl-195x300.jpg\" width=\"88\" height=\"123\" \/><\/a><\/td>\n<\/tr>\n<tr>\n<td height=\"15\"><\/td>\n<td><\/td>\n<\/tr>\n<tr>\n<td valign=\"top\" width=\"295\"><strong>Andreas Niedeggen<br \/>\n<\/strong>Dr. Andreas Niedeggen ist der Chefarzt des Behandlungszentrums f\u00fcr R\u00fcckenmarkverletzte am Unfallkrankenhaus Berlin. Er ist Studienleiter und f\u00fcr klinische Fragen zust\u00e4ndig.<br \/>\nBehandlungszentrum f\u00fcr R\u00fcckenmarkverletzte, ukb<\/td>\n<td width=\"135\"><a href=\"http:\/\/www.abdomenstim.de\/de\/?attachment_id=81\" rel=\"attachment wp-att-81\"><img loading=\"lazy\" class=\"size-full wp-image-81 aligncenter\" alt=\"Dr. Andreas Niedeggen\" src=\"http:\/\/www.abdomenstim.de\/de\/wp-content\/uploads\/2012\/12\/niedeggen_00641_166x80.jpg\" width=\"96\" height=\"99\" \/><\/a><\/td>\n<\/tr>\n<tr>\n<td height=\"15\"><\/td>\n<td><\/td>\n<\/tr>\n<tr>\n<td height=\"15\"><strong>Thomas Liebscher<br \/>\n<\/strong>Dr.Thomas Liebscher ist Oberarzt des Behandlungszentrums f\u00fcr R\u00fcckenmarkverletzte am Unfallkrankenhaus Berlin. Er ist Studienleiter und f\u00fcr klinische Fragen zust\u00e4ndig.<br \/>\nBehandlungszentrum f\u00fcr R\u00fcckenmarkverletzte, ukb<\/td>\n<td align=\"center\" valign=\"top\"><a href=\"http:\/\/www.abdomenstim.de\/de\/wp-content\/uploads\/2012\/11\/liebscher521_166x80.jpg\" rel=\"prettyPhoto[g7]\"><img loading=\"lazy\" class=\"size-full wp-image-536 aligncenter\" title=\"Dr. Liebscher\" alt=\"liebscher521_166x80\" src=\"http:\/\/www.abdomenstim.de\/de\/wp-content\/uploads\/2012\/11\/liebscher521_166x80.jpg\" width=\"99\" height=\"80\" \/><\/a><\/td>\n<\/tr>\n<tr>\n<td height=\"15\"><\/td>\n<td><\/td>\n<\/tr>\n<tr>\n<td height=\"15\"><strong>Barbara Estel<\/strong><br \/>\nDr. Barbara Estel ist Ober\u00e4rztin der Klinik f\u00fcr An\u00e4sthesie am Unfallkrankenhaus Berlin und ber\u00e4t in Fragen der Studienplanung und Beatmung.<br \/>\nKlinik f\u00fcr An\u00e4sthesie, ukb<\/td>\n<td><\/td>\n<\/tr>\n<tr>\n<td height=\"15\"><\/td>\n<td><\/td>\n<\/tr>\n<tr>\n<td style=\"border-bottom: 1px solid #ffffff;\" valign=\"top\"><strong>Jeannette Dorien<br \/>\n<\/strong>Jeannette Dorien ist Forchungsassistentin am Unfallkrankenhaus Berlin. Sie ist f\u00fcr die Betreuung und Stimulation der Patienten sowie die CRF-konforme Dokumentation verantwortlich.<\/td>\n<td style=\"border-bottom: 1px solid #ffffff;\"><\/td>\n<\/tr>\n<tr>\n<td height=\"15\"><\/td>\n<td><\/td>\n<\/tr>\n<tr>\n<td height=\"15\">\n<h1>TU Berlin<\/h1>\n<\/td>\n<td><\/td>\n<\/tr>\n<tr>\n<td style=\"text-align: left;\" height=\"15\"><strong>Thomas Schauer<\/strong><br \/>\nDr. Thomas Schauer ist wissenschaftlicher Mitarbeiter am Fachgebiet Regelungssysteme an der Technischen Universit\u00e4t Berlin. Er leitet dort die Arbeitsgruppe Technische Assistenzsysteme in der Medizin. Hauptarbeitsgebiete sind die neurologische Rehabilitation und dort im Speziellen die geregelte Funktionelle Elektrostimulation (FES).<br \/>\n<a title=\"Homepage Dr. Schauer\" href=\"http:\/\/www.control.tu-berlin.de\/User:Thomas_Schauer\" target=\"_blank\" rel=\"noopener\">Dr. Schauer, TU Berlin<\/a><br \/>\n<a title=\"Bioimpedanz geregelte Schluckprothese\" href=\"http:\/\/www.bigdyspro.de\" target=\"_blank\" rel=\"noopener\">www.bigdyspro.de<\/a><\/td>\n<td>\u00a0<img loading=\"lazy\" class=\"aligncenter\" title=\"Dr. Thomas Schauer\" alt=\"\" src=\"http:\/\/abdomenstim.de\/de\/wp-content\/uploads\/2011\/02\/b_thomas_schauer1.jpg\" width=\"103\" height=\"132\" \/><\/td>\n<\/tr>\n<tr>\n<td height=\"15\"><\/td>\n<td><\/td>\n<\/tr>\n<tr>\n<td valign=\"top\"><strong>Ralph Stephan<br \/>\n<\/strong>Ralph Stephan ist Ingenieur (FH) an der TU Berlin. Er ist f\u00fcr die Entwicklung der Ger\u00e4teoberfl\u00e4che und die Programmierung der Treiber f\u00fcr die Kommunikation von Beatmungsger\u00e4ten und Spirometer f\u00fcr die Regelung der Stimulatoren zust\u00e4ndig.<\/td>\n<td><\/td>\n<\/tr>\n<tr>\n<td height=\"15\"><\/td>\n<td><\/td>\n<\/tr>\n<tr>\n<td height=\"15\"><strong>Max Irmer<br \/>\n<\/strong>Maximilian Irmer ist als studentische Hilfskraft der TU Berlin f\u00fcr die Erstellung der Skripte zur automatischen Reporterstellung zust\u00e4ndig.<\/td>\n<td><\/td>\n<\/tr>\n<tr>\n<td height=\"15\"><\/td>\n<td><\/td>\n<\/tr>\n<tr>\n<td style=\"border-bottom: 1px solid #ffffff;\"><strong>Arne Passon<br \/>\n<\/strong>Arne Passon ist als studentische Hilfskraft der TU Berlin f\u00fcr die Erstellung der Skripte zur automatischen Reporterstellung zust\u00e4ndig.<\/td>\n<td style=\"border-bottom: 1px solid #ffffff;\"><\/td>\n<\/tr>\n<tr>\n<td height=\"15\"><\/td>\n<td><\/td>\n<\/tr>\n<tr>\n<td height=\"15\">\n<h1>Universit\u00e4t Jena<\/h1>\n<\/td>\n<td><\/td>\n<\/tr>\n<tr>\n<td height=\"15\"><strong>Peter Schlattmann<br \/>\n<\/strong>Prof. Dr. Peter Schlattmann ist Professor f\u00fcr medizinische Statistik an der Universit\u00e4t Jena und f\u00fcr die statistische Beratung, Fallzahlplanung und Auswertung zust\u00e4ndig.<br \/>\n<a title=\"Medizinische Statistik Universit\u00e4t Jena\" href=\"http:\/\/www.imsid.uniklinikum-jena.de\/IMSID\/Mitarbeiter.html\" target=\"_blank\" rel=\"noopener\">Institut f\u00fcr Medizinische Statistik, Universit\u00e4t Jena<\/a><\/td>\n<td><\/td>\n<\/tr>\n<\/tbody>\n<\/table>\n","protected":false},"excerpt":{"rendered":"<p>Unfallkrankenhaus Berlin Rainer Seidl Privatdozent Dr. Rainer O. Seidl ist stellvertretender Klinikdirektor der Klink f\u00fcr Hals-Nasen-Ohrenkranheiten am Unfallkrankenhaus Berlin. Er ist Projektleiter und f\u00fcr administrative Aufgaben zust\u00e4ndig. Klinik f\u00fcr Hals-Nasen-Ohrenkrankheiten, ukb www.schlucksprechstunde.de www.bigdyspro.de Andreas Niedeggen Dr. Andreas Niedeggen ist der Chefarzt des Behandlungszentrums f\u00fcr R\u00fcckenmarkverletzte am Unfallkrankenhaus Berlin. Er ist Studienleiter und f\u00fcr klinische Fragen [&hellip;]<\/p>\n","protected":false},"author":2,"featured_media":0,"parent":0,"menu_order":0,"comment_status":"closed","ping_status":"open","template":"","meta":[],"_links":{"self":[{"href":"https:\/\/www.abdomenstim.de\/de\/index.php?rest_route=\/wp\/v2\/pages\/7"}],"collection":[{"href":"https:\/\/www.abdomenstim.de\/de\/index.php?rest_route=\/wp\/v2\/pages"}],"about":[{"href":"https:\/\/www.abdomenstim.de\/de\/index.php?rest_route=\/wp\/v2\/types\/page"}],"author":[{"embeddable":true,"href":"https:\/\/www.abdomenstim.de\/de\/index.php?rest_route=\/wp\/v2\/users\/2"}],"replies":[{"embeddable":true,"href":"https:\/\/www.abdomenstim.de\/de\/index.php?rest_route=%2Fwp%2Fv2%2Fcomments&post=7"}],"version-history":[{"count":68,"href":"https:\/\/www.abdomenstim.de\/de\/index.php?rest_route=\/wp\/v2\/pages\/7\/revisions"}],"predecessor-version":[{"id":664,"href":"https:\/\/www.abdomenstim.de\/de\/index.php?rest_route=\/wp\/v2\/pages\/7\/revisions\/664"}],"wp:attachment":[{"href":"https:\/\/www.abdomenstim.de\/de\/index.php?rest_route=%2Fwp%2Fv2%2Fmedia&parent=7"}],"curies":[{"name":"wp","href":"https:\/\/api.w.org\/{rel}","templated":true}]}}