{"id":391,"date":"2012-11-27T20:53:32","date_gmt":"2012-11-27T19:53:32","guid":{"rendered":"http:\/\/www.abdomenstim.de\/de\/?page_id=391"},"modified":"2022-03-13T10:55:30","modified_gmt":"2022-03-13T09:55:30","slug":"forschungsstellen","status":"publish","type":"page","link":"https:\/\/www.abdomenstim.de\/de\/?page_id=391","title":{"rendered":"Forschungsstellen"},"content":{"rendered":"<h1>Unfallkrankenhaus Berlin<\/h1>\n<p style=\"text-align: justify;\">Das <a title=\"Hompage\" href=\"http:\/\/ukb.de\" target=\"_blank\" rel=\"noopener\">Unfallkrankenhaus Berlin (ukb)<\/a> ist das regionale Schwerpunktkrankenhaus zur Maximalversorgung von Unfallopfern im Gro\u00dfraum Berlin und Brandenburg mit einem hohen \u00fcberregionalen Anteil an polytraumatisierten Patienten mit komplexen Verletzungsmustern. Das Haus ist eine Berufsgenossenschaftliche Unfallklinik (\u00c4rztlicher Direktor: Prof. Dr. A. Ekkernkamp) in alleiniger Tr\u00e4gerschaft des Hauptverbandes der Gewerblichen\u00a0 Berufsgenossenschaften.<\/p>\n<p style=\"text-align: justify;\">Die personellen und instrumentelle Ausr\u00fcstung des Hauses macht eine Krankenversorgung auf h\u00f6chstem Niveau m\u00f6glich. Die Ressourcen stehen f\u00fcr die Durchf\u00fchrung des geplanten Forschungsprojekt zur Verf\u00fcgung.<\/p>\n<p style=\"text-align: justify;\">Der besondere Schwerpunkt der wissenschaftlichen Bem\u00fchungen der in diesem Antrag federf\u00fchrenden Klinik f\u00fcr Hals-Nasen-Ohrenkrankheiten liegt auf der Entwicklung von Hilfssystemen und Implantaten. Hier besteht bereits seit l\u00e4ngerem eine intensive und fruchtbare Zusammenarbeit mit verschiedenen universit\u00e4ren (TU Berlin, RWTH Aachen, Charit\u00e9) und industriellen (MedEl, Cochlea) Partnern. Dabei k\u00f6nnen f\u00fcr das geplante Forschungsprojekt synergistisch die vorhandenen Erfahrungen der Abteilung in der Entwicklung von H\u00f6rprothesen (CI, Vibrant Soundbridge), einer Handprothese und einer Neuroprothese zum Schlucken genutzt werden. Dieses Projekt hat den Innovationspreis des Bundesministerium f\u00fcr Bildung und Forschung gewonnnen. Weitere Informationen finden Sie auf der <a title=\"Homepage BigDysPro\" href=\"http:\/\/www.bigdyspro.de\" target=\"_blank\" rel=\"noopener\">Homepage des Projekts<\/a>.<\/p>\n<p style=\"text-align: justify;\">Bereits seit l\u00e4ngerem besteht eine enge wissenschaftliche Kooperation zwischen der Klinik f\u00fcr Hals-Nasen-Ohrenkrankheiten und dem Zentrum f\u00fcr R\u00fcckenmarkverletzte. Dies trug in der Vergangenheit Fr\u00fcchte in der t\u00e4glichen Krankenversorgung und fand seinen Niederschlag in einer Vielzahl von wissenschaftlichen Ver\u00f6ffentlichungen.<\/p>\n<h2>Wichtige Ver\u00f6ffentlichungen<\/h2>\n<p>Seidl, Rainer O, Diana Wolf, Ricki Nusser-M\u00fcller-Busch, und Andreas Niedeggen. \u201cAirway management in acute tetraplegics: a retrospective study.\u201d European Spine Journal: Official Publication of the European Spine Society, the European Spinal Deformity Society, and the European Section of the Cervical Spine Research Society (Februar 24, 2010).<\/p>\n<p>Seidl, R O, R Nusser-M\u00fcller-Busch, M Kurzweil, und A Niedeggen. \u201cDysphagia in acute tetraplegics: a retrospective study.\u201d Spinal Cord: The Official Journal of the International Medical Society of Paraplegia (August 11, 2009).<\/p>\n<p>Seidl R. O., Nusser-M\u00fcller-Busch R., Ernst A. (2002) Evaluation eines Untersuchungsbogens zur endoskopischen Schluckuntersuchung. Sprache-Stimme-Geh\u00f6r 26:28-36<\/p>\n<p>Seidl R. O., Todt I., Zamani F., Ernst A. (2003) [Modified set back tongue flap: an alternative surgical approach in the reconstruction of defects of the base of the tongue]. HNO 51:558-62.<\/p>\n<p>Seidl. R. O., Nusser-Muller-Busch R., Ernst A. (2005) The influence of tracheotomy tubes on the swallowing frequency in neurogenic dysphagia. Otolaryngol Head Neck Surg 132:484-6.<\/p>\n<p>Seidl R. O., Nusser-M\u00fcller-Busch R., Westhofen M., Ernst A. (2006) Der Berliner Dysphagie Index &#8211; Evaluation und Validierung eines Untersuchungsbogens zur endoskopischen Schluckuntersuchung. Forum HNO 8:9-16.<\/p>\n<p>Seidl R. O., Niedeggen A., Todt I., Westhofen M., Ernst A. (2006) Infrahyoid muscle flap for pharyngeal fistulae after cervical spine surgery: a novel approach-Report of six cases. Eur Spine J 16:501-505.<\/p>\n<p>Seidl. R.O., Nusser-Muller-Busch R., Hollweg W., Westhofen M., Ernst A. (2007) Pilot study of a neurophysiological dysphagia therapy for neurological patients. Clin Rehabil 21:686-97.<\/p>\n<p>Seidl R. O., Todt I., Ernst A. (2006) Esophagus atresia after cervical spine surgery: case report and literature review. Eur Arch Otorhinolaryngol 264:291-293.<\/p>\n<p>Seidl R. O., Nusser-Muller-Busch R. (2007) Schluckrehabilitation nach moderner Tumortherapie im Kopf-Hals-Bereich. Laryngorhinootologie 86:846-852.<\/p>\n<p>Seidl R. O., Nusser-Muller-Busch R., Westhofen M., Ernst A. (2008) Oropharyngeal findings of endoscopic examination in swallowing disorders of neurological origin. Eur Arch Otorhinolaryngol 265:963-70.<\/p>\n<h1>Zentrum f\u00fcr R\u00fcckenmarkverletzte<\/h1>\n<p style=\"text-align: justify;\">Das Zentrum f\u00fcr R\u00fcckenmarkverletzte ist f\u00fcr die Akut- und Rehabilitationsversorgung f\u00fcr die Bundesl\u00e4nder Berlin, Brandenburg und Mecklenburg-Vorpommern zust\u00e4ndig. Es hat 60 Betten, davon vier Beatmungsbetten auf den Stationen die 2009 zu 92% ausgelastet waren. Es wurden 2009 73 akute Querschnittverletzungen versorgt, 30 (41%) waren Verletzungen des Halsmarks, 10 (33%) fielen dabei in den Bereich der DGUV.<\/p>\n<p style=\"text-align: justify;\">Es wurden 409 Patienten im Rahmen einer station\u00e4ren Wiederaufnahme behandelt, hiervon waren 113 (28%) im Rahmen der DGUV versichert.<\/p>\n<p style=\"text-align: justify;\">Das Zentrum f\u00fcr R\u00fcckenmarkverletzte ist in Zusammenarbeit mit weiteren Forschungsstellen (Neurologischen Klinik der Charite) an verschiedenen Forschungsprojekten beteiligt<\/p>\n<table style=\"width: 747px; height: 120px;\" border=\"0\">\n<tbody>\n<tr>\n<td style=\"width: 10px;\"><\/td>\n<td valign=\"top\">1.<\/td>\n<td style=\"width: 420px;\">Klinische Studie &#8211; Neurologische und funktionelle Erholung nach akutem R\u00fcckenmarktrauma unter Ibuprofen versus Placebo: Untersuchung von Wirksamkeit und Sicherheit<\/td>\n<td><\/td>\n<\/tr>\n<tr>\n<td style=\"width: 10px;\"><\/td>\n<td valign=\"top\">2.<\/td>\n<td style=\"width: 420px;\">Sekund\u00e4re Immunsuppession durch R\u00fcckenmarkverletzungen &#8211; eine prospektive und multizentrische Studie<\/td>\n<td><\/td>\n<\/tr>\n<tr>\n<td style=\"width: 10px;\"><\/td>\n<td valign=\"top\">3.<\/td>\n<td style=\"width: 420px;\">Spasticity in Stroke, randomisierte multizentrische Studie (SISTERS)<\/td>\n<td><\/td>\n<\/tr>\n<tr>\n<td style=\"width: 10px;\"><\/td>\n<td style=\"width: 10px;\"><\/td>\n<td style=\"width: 420px;\"><\/td>\n<td><\/td>\n<\/tr>\n<\/tbody>\n<\/table>\n<p style=\"text-align: justify;\">Die abgeschlossenen Forschungsprojekte mit der Hals-Nasen-Ohrenklinik des ukb fanden in den letzten Jahren\u00a0 ihren Niederschlag in verschiedenen Ver\u00f6ffentlichungen.<\/p>\n<h2>Wichtige Ver\u00f6ffentlichungen<\/h2>\n<p>Seidl, Rainer O, Diana Wolf, Ricki Nusser-M\u00fcller-Busch, und Andreas Niedeggen. \u201cAirway management in acute tetraplegics: a retrospective study.\u201d European Spine Journal: Official Publication of the European Spine Society, the European Spinal Deformity Society, and the European Section of the Cervical Spine Research Society (Februar 24, 2010).<\/p>\n<p>Seidl, R O, R Nusser-M\u00fcller-Busch, M Kurzweil, und A Niedeggen. \u201cDysphagia in acute tetraplegics: a retrospective study.\u201d Spinal Cord: The Official Journal of the International Medical Society of Paraplegia (August 11, 2009).<\/p>\n<p>Seidl, Rainer Ottis, A Niedeggen, I Todt, M Westhofen, und A Ernst. \u201cInfrahyoid muscle flap for pharyngeal fistulae after cervical spine surgery: a novel approach-Report of six cases.\u201d Eur Spine J 16 (2006): 501-505.<\/p>\n<p>Seidl, Rainer Ottis, und A Niedeggen. \u201cReply to the Letter to the Editor of R. Navarro et al. concerning &#8218;Infrahyoid muscle flap for pharyngeal fistulae after cervical spine surgery: a novel approach -report of six cases&#8216; (by R.O. Seidl et al., Eur Spine J (2007) 16: 501-505).\u201d Eur Spine J (2007).<\/p>\n<p>B\u00f6tel, U, E Gl\u00e4ser, A Niedeggen, und R Meindl. \u201cThe cost of ventilator-dependent spinal cord injuries-patients in the hospital and at home.\u201d Spinal Cord: The Official Journal of the International Medical Society of Paraplegia 35, Nr. 1 (Januar 1997): 40-42.<\/p>\n<p>B\u00f6tel, U, E Gl\u00e4ser, und A Niedeggen. \u201cThe surgical treatment of acute spinal paralysed patients.\u201d Spinal Cord: The Official Journal of the International Medical Society of Paraplegia 35, Nr. 7 (Juli 1997): 420-428.<\/p>\n<p>Ernst, A, und A Niedeggen. \u201c[The cervical spine&#8211;disorders of the craniocervical transition].\u201d Laryngo- Rhino- Otologie 84 Suppl 1 (Mai 2005): S261-271.<\/p>\n<p>Niedeggen, A, J Giesecke, W Diederichs, und U B\u00f6tel. \u201c[Traumatic paraplegia. Possibilities of therapy and rehabilitation in a modern treatment center].\u201d Zeitschrift F\u00fcr \u00c4rztliche Fortbildung Und Qualit\u00e4tssicherung 91, Nr. 5 (August 1997): 437-442.<\/p>\n<p>Niedeggen, A, O Rommel, A Theile, A Bosse, und U B\u00f6tel. \u201c[Cerebral and basilar artery thrombosis following cervical spinal injury].\u201d Zentralblatt F\u00fcr Neurochirurgie 60, Nr. 1 (1999): 20-26.<\/p>\n<p>Rommel, O, A Niedeggen, M Tegenthoff, P Kiwitt, U B\u00f6tel, und J Malin. \u201cCarotid and vertebral artery injury following severe head or cervical spine trauma.\u201d Cerebrovascular Diseases (Basel, Switzerland) 9, Nr. 4 (August 1999): 202-209.<\/p>\n<h2>Technische Universit\u00e4t Berlin<\/h2>\n<p style=\"text-align: justify;\">Das <a title=\"Homepage Regelungstechnik\" href=\"http:\/\/www.control.tu-berlin.de\/Welcome\" target=\"_blank\" rel=\"noopener\">Fachgebiet Regelungstechnik an der TU Berlin<\/a> hat umfassende Erfahrungen auf dem Gebiet der funktionellen Elektrostimulation und der Entwicklung von Neuroprothesen. Es existieren Vorarbeiten zur Elektromyographie geregelten Elektrostimulation und zur Regelung von Fahrradergometern mit funktioneller Elektrostimulation. F\u00fcr zyklisch ablaufende Vorg\u00e4nge, wie z.B. dem Gehen, wurde der Einsatz einer iterativ lernenden Regelung untersucht. Bei diesem Regelungskonzept erfolgt die Anpassung des Stimulationsintensit\u00e4tsprofils von Vorgang zu Vorgang unter Ausnutzung der Fehlertrajektorie des letzten Ablaufs. W\u00e4hrend eines individuellen Vorgangs findet folglich keine R\u00fcckkopplung (Regelung) statt, sondern nur eine Steuerung. Die Regelung ist nur zwischen den Iterationen des Prozesses aktiv und adaptiert die Steuerung f\u00fcr den n\u00e4chsten Vorgang. Dieses sehr robuste Verfahren zur Bestimmung von Stimulationsintensit\u00e4tsprofilen wurde bereits erfolgreich f\u00fcr die Regelung der Fu\u00dfhebung bei einem Fallfu\u00dfstimulator eingesetzt.<\/p>\n<h2>Wichtige Ver\u00f6ffentlichungen<\/h2>\n<p>Nahrstaedt, H., Schauer T., Shalaby, R (2008), A bioimpedance measurement device for sensing force and position in neuroprosthetic devices. In Proc. of the 4th Europeen Congress for Medical and Biomedical Engineering 2008, Antwerp, Belgium, November 2008.<\/p>\n<p>Nahrstaedt, H., Schauer, T., Hesse, S., Raisch, J (2009). Iterative Learning Control for a Gait Neuroprosthesis (in German). at-Automatisierungstechnik, 56(9):494\u2013501.<\/p>\n<p>Nahrstaedt, H., Schauer, T., Shalaby, R., Hesse, S., Raisch, J. (2008), Automatic Control of a Drop-Foot Stimulator based on Angle Measurement using Bioimpedance, Artificial Organs, 32(8):649\u2013654.<\/p>\n<p>Schauer, T., Negard, N.O., Nahrstaedt, H., Raisch, J. Regelung von Peroneus-Stimulatoren zur Kompensation von Fu\u00dfheberschw\u00e4che nach Schlaganfall, ORTHOP\u00c4DIETECHNIK, 60(2):78\u201383.<\/p>\n<p>Seidl, R. O., Nahrstaedt H., Schauer, T. (2009), Impedanzpharyngographie zur Regelung eines Dysphagieimplantats. In 80. Jahresversammlung der Deutschen Gesellschaft f\u00a8ur Hals-Nasen-Ohren-Heilkunde, Kopf- und Hals-Chirurgie e. V., Rostock, Mai 2009.<\/p>\n<p>Schauer, T., Seidl, R. O., Nahrstaedt, H. (2009), Erfassung der pharyngealen Schluckphase durch Bioimpedanz-Messung. In Tagungsband des 8. Workshop Automatisierungstechnische Verfahren f\u00fcr die Medizin, Fortschrittberichte VDI, Reihe 17, Nr. 274: 47\u201348, Berlin, M\u00e4rz 2009.<\/p>\n<p>Schauer, T., Hunt, K.J, Negard, N.-O , Fraser, M.H., Stewart W (2002), Cadence control for recumbent cycling of paraplegics (in German), at &#8211; Automatisierungstechnik, 50(6):271\u2013278.<\/p>\n<p>Hunt, K.J., Stone, B., Negard, N.-O., Schauer, T., Fraser, M.H., Cathcart, A.J., Ferrario, C., Grant, S., Ward, S.A. (2004) Control strategies for integration of electrical motor assist and functional electrical stimulation in paraplegic cycling: Utility for exercise testing and mobile cycling, IEEE Trans Neural Syst Rehabil Eng, 12(1):89\u2013101.<\/p>\n<p>Previdi, F., Schauer, T., Savaresi, S.M., Hunt K.J. (2004), Data-driven control design for neuroprotheses: A virtual reference feedback tuning (VRFT) approach, IEEE Transactions on Control SystemTechnology, 12(1):176\u2013182.<\/p>\n<p>Schauer T., Negard, N.-O., Previdi, F., Hunt, K. J., Fraser, M.H., Ferchland, E., Raisch, J. (2005), Online identification and nonlinear control of the electrically stimulated quadriceps muscle, Control Engineering Practice, 13(9):1207\u20131219.<\/p>\n<p>Schauer, T., Salbert, R., Negard, N.-O., Raisch, J. (2004), Detection and Filtering of EMG for Assessing Voluntary Muscle Activity during FES. In I. Swain and P. Taylor, editors, Proc. of the 9th Annual Conference of the International Functional Electrical Stimulation Society (IFESS 2004), Bournemouth, UK, pages 185\u2013187, Bournemouth, UK, Sep. 2004.<\/p>\n<p>Schauer, T., Salbert, R.C., Negard, N.-O., Hunt, K., Raisch, J. (2005), Power control of electrical stimulation induced cycle ergometry (in German), at &#8211; Automatisierungstechnik, 53(12):607\u2013614.<\/p>\n<p>Ferrante, S, Schauer, T., Ferrigno, G., Raisch, J., Molteni, F, (2008), The effect of using variable frequency trains during functional electrical stimulation cycling, Neuromodulation, 11(3):216\u201326.<\/p>\n","protected":false},"excerpt":{"rendered":"<p>Unfallkrankenhaus Berlin Das Unfallkrankenhaus Berlin (ukb) ist das regionale Schwerpunktkrankenhaus zur Maximalversorgung von Unfallopfern im Gro\u00dfraum Berlin und Brandenburg mit einem hohen \u00fcberregionalen Anteil an polytraumatisierten Patienten mit komplexen Verletzungsmustern. Das Haus ist eine Berufsgenossenschaftliche Unfallklinik (\u00c4rztlicher Direktor: Prof. Dr. A. Ekkernkamp) in alleiniger Tr\u00e4gerschaft des Hauptverbandes der Gewerblichen\u00a0 Berufsgenossenschaften. Die personellen und instrumentelle Ausr\u00fcstung [&hellip;]<\/p>\n","protected":false},"author":2,"featured_media":0,"parent":0,"menu_order":0,"comment_status":"closed","ping_status":"open","template":"","meta":[],"_links":{"self":[{"href":"https:\/\/www.abdomenstim.de\/de\/index.php?rest_route=\/wp\/v2\/pages\/391"}],"collection":[{"href":"https:\/\/www.abdomenstim.de\/de\/index.php?rest_route=\/wp\/v2\/pages"}],"about":[{"href":"https:\/\/www.abdomenstim.de\/de\/index.php?rest_route=\/wp\/v2\/types\/page"}],"author":[{"embeddable":true,"href":"https:\/\/www.abdomenstim.de\/de\/index.php?rest_route=\/wp\/v2\/users\/2"}],"replies":[{"embeddable":true,"href":"https:\/\/www.abdomenstim.de\/de\/index.php?rest_route=%2Fwp%2Fv2%2Fcomments&post=391"}],"version-history":[{"count":18,"href":"https:\/\/www.abdomenstim.de\/de\/index.php?rest_route=\/wp\/v2\/pages\/391\/revisions"}],"predecessor-version":[{"id":660,"href":"https:\/\/www.abdomenstim.de\/de\/index.php?rest_route=\/wp\/v2\/pages\/391\/revisions\/660"}],"wp:attachment":[{"href":"https:\/\/www.abdomenstim.de\/de\/index.php?rest_route=%2Fwp%2Fv2%2Fmedia&parent=391"}],"curies":[{"name":"wp","href":"https:\/\/api.w.org\/{rel}","templated":true}]}}