{"id":19,"date":"2012-11-27T19:43:45","date_gmt":"2012-11-27T17:43:45","guid":{"rendered":"http:\/\/www.abdomenstim.de\/de\/?page_id=19"},"modified":"2018-05-28T17:10:26","modified_gmt":"2018-05-28T15:10:26","slug":"impressum","status":"publish","type":"page","link":"https:\/\/www.abdomenstim.de\/de\/?page_id=19","title":{"rendered":"Impressum"},"content":{"rendered":"<div>\n<h2><strong>Projektpartner<\/strong><\/h2>\n<h3><strong>Klinische Studie<\/strong><\/h3>\n<p>Dr. Andreas Niedeggen, Chefarzt des Zentrums f\u00fcr R\u00fcckenmarkverletzte<br \/>\nDr. Thomas Liebscher, Oberarzt des Zentrums f\u00fcr R\u00fcckenmarkverletzte<br \/>\nPD Dr. Rainer O. Seidl, Oberarzt der Klinik f\u00fcr Hals-Nasen-Ohrenkrankheiten<br \/>\nDr. Barbara Estel, Ober\u00e4rztin der Klinik f\u00fcr An\u00e4sthesie<br \/>\nJeannette Dorien, Forschungsassistentin, Zentrum f\u00fcr R\u00fcckenmarkverletzte<\/p>\n<p>Unfallkrankenhaus Berlin<br \/>\nWarenerstrasse 7<br \/>\n12683 Berlin<\/p>\n<h3><strong>Technische Entwicklung und Umsetzung<\/strong><\/h3>\n<p>Dr. Thomas Schauer, Fachgebiet Regelungssysteme<br \/>\nStephan Ralph, Fachgebiet Regelungssysteme<br \/>\nArne Passon, Fachgebiet Regelungssysteme<br \/>\nMax Irmer, Fachgebiet Regelungssysteme<\/p>\n<p>Technische Universit\u00e4t Berlin<br \/>\nEinsteinufer 17<br \/>\n10587 Berlin<\/p>\n<h2>Datenschutzerkl\u00e4rung<\/h2>\n<p>Die Adresse unserer Website ist: http:\/\/abdomenstim.de<\/p>\n<p><strong>Eingebettete Inhalte von anderen Websites<\/strong><\/p>\n<p>Beitr\u00e4ge auf dieser Website k\u00f6nnen eingebettete Inhalte beinhalten (z.\u00a0B. Videos, Bilder, Beitr\u00e4ge etc.). Eingebettete Inhalte von anderen Websites verhalten sich exakt so, als ob der Besucher die andere Website besucht h\u00e4tte.<\/p>\n<p>Diese Websites k\u00f6nnen Daten \u00fcber dich sammeln, Cookies benutzen, zus\u00e4tzliche Tracking-Dienste von Dritten einbetten und deine Interaktion mit diesem eingebetteten Inhalt aufzeichnen, inklusive deiner Interaktion mit dem eingebetteten Inhalt, falls du ein Konto hast und auf dieser Website angemeldet bist.<\/p>\n<h3><strong>Kontakt<\/strong><\/h3>\n<p><a href=\"mailto:info@abdomenstim.de\">info@abdomenstim.de<\/a><\/p>\n<p>Verantwortlich f\u00fcr den Inhalt<br \/>\ngem\u00e4\u00df \u00a77 TMG<br \/>\nDr. Andreas Niedeggen<br \/>\nPD Dr. Rainer O. Seidl<\/p>\n<\/div>\n","protected":false},"excerpt":{"rendered":"<p>Projektpartner Klinische Studie Dr. Andreas Niedeggen, Chefarzt des Zentrums f\u00fcr R\u00fcckenmarkverletzte Dr. Thomas Liebscher, Oberarzt des Zentrums f\u00fcr R\u00fcckenmarkverletzte PD Dr. Rainer O. Seidl, Oberarzt der Klinik f\u00fcr Hals-Nasen-Ohrenkrankheiten Dr. Barbara Estel, Ober\u00e4rztin der Klinik f\u00fcr An\u00e4sthesie Jeannette Dorien, Forschungsassistentin, Zentrum f\u00fcr R\u00fcckenmarkverletzte Unfallkrankenhaus Berlin Warenerstrasse 7 12683 Berlin Technische Entwicklung und Umsetzung Dr. Thomas [&hellip;]<\/p>\n","protected":false},"author":1,"featured_media":0,"parent":0,"menu_order":0,"comment_status":"closed","ping_status":"open","template":"","meta":[],"_links":{"self":[{"href":"https:\/\/www.abdomenstim.de\/de\/index.php?rest_route=\/wp\/v2\/pages\/19"}],"collection":[{"href":"https:\/\/www.abdomenstim.de\/de\/index.php?rest_route=\/wp\/v2\/pages"}],"about":[{"href":"https:\/\/www.abdomenstim.de\/de\/index.php?rest_route=\/wp\/v2\/types\/page"}],"author":[{"embeddable":true,"href":"https:\/\/www.abdomenstim.de\/de\/index.php?rest_route=\/wp\/v2\/users\/1"}],"replies":[{"embeddable":true,"href":"https:\/\/www.abdomenstim.de\/de\/index.php?rest_route=%2Fwp%2Fv2%2Fcomments&post=19"}],"version-history":[{"count":10,"href":"https:\/\/www.abdomenstim.de\/de\/index.php?rest_route=\/wp\/v2\/pages\/19\/revisions"}],"predecessor-version":[{"id":652,"href":"https:\/\/www.abdomenstim.de\/de\/index.php?rest_route=\/wp\/v2\/pages\/19\/revisions\/652"}],"wp:attachment":[{"href":"https:\/\/www.abdomenstim.de\/de\/index.php?rest_route=%2Fwp%2Fv2%2Fmedia&parent=19"}],"curies":[{"name":"wp","href":"https:\/\/api.w.org\/{rel}","templated":true}]}}