{"id":16,"date":"2012-11-27T19:43:32","date_gmt":"2012-11-27T17:43:32","guid":{"rendered":"http:\/\/www.abdomenstim.de\/de\/?page_id=16"},"modified":"2022-03-13T10:55:30","modified_gmt":"2022-03-13T09:55:30","slug":"links","status":"publish","type":"page","link":"https:\/\/www.abdomenstim.de\/de\/?page_id=16","title":{"rendered":"Links"},"content":{"rendered":"<table style=\"width: 490px; height: 738px;\" border=\"0\" cellspacing=\"0\" cellpadding=\"0\">\n<tbody>\n<tr>\n<td height=\"18\"><\/td>\n<td><\/td>\n<\/tr>\n<tr>\n<td height=\"15\"><strong>Das Projekt wird gef\u00f6rdert durch<\/strong><\/td>\n<td><\/td>\n<\/tr>\n<tr>\n<td style=\"text-align: left;\" valign=\"top\"><strong><br \/>\nDeutsche Gesetzliche Unfallversicherung<\/strong><\/td>\n<td valign=\"top\">\n<table style=\"width: 138px;\" border=\"0\" cellspacing=\"0\" cellpadding=\"0\">\n<tbody>\n<tr>\n<td style=\"text-align: center;\">\u00a0<a href=\"http:\/\/www.abdomenstim.de\/de\/?attachment_id=47\" rel=\"attachment wp-att-47\"><img loading=\"lazy\" class=\" aligncenter\" title=\"DGUV\" src=\"http:\/\/www.abdomenstim.de\/de\/wp-content\/uploads\/2012\/11\/DGUV-300x71.png\" alt=\"\" width=\"124\" height=\"39\" \/><\/a><\/td>\n<\/tr>\n<\/tbody>\n<\/table>\n<\/td>\n<\/tr>\n<tr>\n<td style=\"border-bottom: 1px solid #ffffff; text-align: center;\" height=\"15\"><\/td>\n<td style=\"border-bottom: 1px solid #ffffff;\"><\/td>\n<\/tr>\n<tr>\n<td height=\"15\"><strong>Das Projekt wird realisiert von <\/strong><\/td>\n<td><\/td>\n<\/tr>\n<tr>\n<td valign=\"top\" width=\"295\"><strong><br \/>\n<strong>Technische Universit\u00e4t Berlin<\/strong><br \/>\nFachgebiet Regelungssysteme<br \/>\n<\/strong><\/td>\n<td valign=\"top\" width=\"135\"><a title=\"TU Berlin\" href=\"http:\/\/www.control.tu-berlin.de\/Welcome\" target=\"_blank\" rel=\"noopener\"><img loading=\"lazy\" class=\"size-full wp-image-145 alignleft aligncenter\" title=\"TU Berlin\" src=\"http:\/\/bigdyspro.de\/de\/wp-content\/uploads\/2011\/02\/b_tu_berlin.jpg\" alt=\"\" width=\"125\" height=\"56\" \/><\/a><\/td>\n<\/tr>\n<tr>\n<td height=\"15\"><\/td>\n<td><\/td>\n<\/tr>\n<tr>\n<td valign=\"top\"><strong>Unfallkrankenhaus Berlin<br \/>\nBehandlungszentrum f\u00fcr R\u00fcckenmarkverletzte<br \/>\nKlinik f\u00fcr Hals-Nasen-Ohren-Krankheiten<br \/>\n<\/strong><\/td>\n<td valign=\"top\"><img loading=\"lazy\" class=\"size-full wp-image-147 aligncenter\" title=\"ukb\" src=\"http:\/\/bigdyspro.de\/de\/wp-content\/uploads\/2011\/02\/b_ukb.jpg\" alt=\"\" width=\"125\" height=\"56\" \/><\/td>\n<\/tr>\n<tr>\n<td height=\"15\"><\/td>\n<td><\/td>\n<\/tr>\n<tr>\n<td height=\"15\">\n<p class=\"bodytext\"><strong>Hasomed GmbH<br \/>\nPaul-Ecke-Stra\u00dfe 1<br \/>\nD-39114 Magdeburg<\/strong><\/p>\n<\/td>\n<td><a href=\"http:\/\/www.hasomed.de\/de\/home.html\" target=\"_blank\" rel=\"noopener\"><\/a><\/td>\n<\/tr>\n<tr>\n<td height=\"15\"><\/td>\n<td><\/td>\n<\/tr>\n<tr>\n<td style=\"border-bottom: 1px solid #ffffff;\" height=\"15\"><\/td>\n<td style=\"border-bottom: 1px solid #ffffff;\"><\/td>\n<\/tr>\n<tr>\n<td valign=\"top\"><strong>Die Seite wird gestaltet von<\/strong><\/td>\n<\/tr>\n<tr>\n<td height=\"15\"><strong><br \/>\nrotbraun Informationsgestaltung<\/strong><\/td>\n<td style=\"text-align: center;\"><a href=\"http:\/\/www.rotbraun.de\/\" target=\"_blank\" rel=\"noopener\"><br \/>\nwww.rotbraun.de<\/a><\/td>\n<\/tr>\n<\/tbody>\n<\/table>\n<p>&nbsp;<\/p>\n","protected":false},"excerpt":{"rendered":"<p>Das Projekt wird gef\u00f6rdert durch Deutsche Gesetzliche Unfallversicherung \u00a0 Das Projekt wird realisiert von Technische Universit\u00e4t Berlin Fachgebiet Regelungssysteme Unfallkrankenhaus Berlin Behandlungszentrum f\u00fcr R\u00fcckenmarkverletzte Klinik f\u00fcr Hals-Nasen-Ohren-Krankheiten Hasomed GmbH Paul-Ecke-Stra\u00dfe 1 D-39114 Magdeburg Die Seite wird gestaltet von rotbraun Informationsgestaltung www.rotbraun.de &nbsp;<\/p>\n","protected":false},"author":2,"featured_media":0,"parent":0,"menu_order":0,"comment_status":"closed","ping_status":"open","template":"","meta":[],"_links":{"self":[{"href":"https:\/\/www.abdomenstim.de\/de\/index.php?rest_route=\/wp\/v2\/pages\/16"}],"collection":[{"href":"https:\/\/www.abdomenstim.de\/de\/index.php?rest_route=\/wp\/v2\/pages"}],"about":[{"href":"https:\/\/www.abdomenstim.de\/de\/index.php?rest_route=\/wp\/v2\/types\/page"}],"author":[{"embeddable":true,"href":"https:\/\/www.abdomenstim.de\/de\/index.php?rest_route=\/wp\/v2\/users\/2"}],"replies":[{"embeddable":true,"href":"https:\/\/www.abdomenstim.de\/de\/index.php?rest_route=%2Fwp%2Fv2%2Fcomments&post=16"}],"version-history":[{"count":24,"href":"https:\/\/www.abdomenstim.de\/de\/index.php?rest_route=\/wp\/v2\/pages\/16\/revisions"}],"predecessor-version":[{"id":666,"href":"https:\/\/www.abdomenstim.de\/de\/index.php?rest_route=\/wp\/v2\/pages\/16\/revisions\/666"}],"wp:attachment":[{"href":"https:\/\/www.abdomenstim.de\/de\/index.php?rest_route=%2Fwp%2Fv2%2Fmedia&parent=16"}],"curies":[{"name":"wp","href":"https:\/\/api.w.org\/{rel}","templated":true}]}}