{"id":10,"date":"2012-11-27T19:42:59","date_gmt":"2012-11-27T17:42:59","guid":{"rendered":"http:\/\/www.abdomenstim.de\/de\/?page_id=10"},"modified":"2022-03-13T10:55:30","modified_gmt":"2022-03-13T09:55:30","slug":"vorwort","status":"publish","type":"page","link":"https:\/\/www.abdomenstim.de\/de\/?page_id=10","title":{"rendered":"Vorwort"},"content":{"rendered":"<p style=\"text-align: justify;\">Wir m\u00f6chten in diesem Blog \u00fcber ein gemeinsames Forschungsprojekt der\u00a0<a title=\"Hompage TU Berlin\" href=\"http:\/\/www.control.tu-berlin.de\/Welcome\" target=\"_blank\" rel=\"noopener\">TU Berlin<\/a> und dem <a title=\"Unfallkrankenhaus Berlin\" href=\"http:\/\/www.ukb.de\" target=\"_blank\" rel=\"noopener\">Unfallkrankenhaus Berlin, ukb <\/a>berichten. Entstanden ist es aus einer schon bestehenden Kooperation in gemeinsamen Forschungsprojekten (<a title=\"Bioimpedanz geregelte Dysphagieprothese\" href=\"http:\/\/www.bigdyspro.de\" target=\"_blank\" rel=\"noopener\">www.bigdyspro.de)<\/a>.<\/p>\n<p style=\"text-align: justify;\">Bereits seit vielen Jahren gibt es eine freundschaftliche Kooperation am zwischen der Klinik f\u00fcr Hals-Nasen-Ohrenheilkunde und dem Behandlungszentrum f\u00fcr R\u00fcckenmarkverletzte am ukb.Das besonderes Augenmerk richtet sich dabei auf Patienten mit einer Tetraplegie. Dies sind Patienten die vom Hals ab gel\u00e4hmt sind und in manchen F\u00e4llen sogar Untertst\u00fctzung beim Atmen durch Beatmungsger\u00e4te ben\u00f6tigen. Die Kooperation fand bereits ihren Niederschlag in Forschungsarbeiten z.B. zu Fragen des Schluckens bei diesen Patienten (<a title=\"PubMed Link\" href=\"http:\/\/www.ncbi.nlm.nih.gov\/pubmed\/19668256\" target=\"_blank\" rel=\"noopener\">Lit<\/a>).<\/p>\n<p style=\"text-align: justify;\">Ein zentraler Punkt bei Patienten mit einer Tetraplegie ist die Sicherung der Atmung. Patienten mit einer Tetraplegie sind erheblich in ihrer Atmung und dem Husten eingeschr\u00e4nkt, es fehlt an einer Versorgung der Muskeln durch das unterbrochene R\u00fcckenmark. In Folge ben\u00f6tigen diese Patienten in vielen F\u00e4llen einen Luftr\u00f6hrenschnitt. Dies haben wir in einer weiteren Forschungsarbeit untersucht (<a title=\"PubMed Link\" href=\"http:\/\/www.ncbi.nlm.nih.gov\/pubmed\/20179975\" target=\"_blank\" rel=\"noopener\">Lit<\/a>).<\/p>\n<p style=\"text-align: justify;\">Im Jahr 2010 besuchte <a title=\"Henrik Gollee\" href=\"http:\/\/www.gla.ac.uk\/schools\/engineering\/staff\/henrikgollee\/\" target=\"_blank\" rel=\"noopener\">Henrik Gollee<\/a> die\u00a0TU Berlin und stellte seine Ergebnisse zu einer atemabh\u00e4ngigen Stimulation der Bauchmuskulatur bei Patienten mit einer akuten Tetraplegie vor (<a title=\"PubMed Link\" href=\"http:\/\/www.ncbi.nlm.nih.gov\/pubmed\/18776604\" target=\"_blank\" rel=\"noopener\">Lit<\/a>). Zu diesem Vortrag wurden auch die Forschungsparntern eingeladen. Auch wenn in dieser Arbeit Patienten untersucht wurden, die bereits lange mit ihrer Erkankung lebten war das Interesse an der Methode einer atemabh\u00e4ngigen Bauchmuskelstimulation geweckt.<\/p>\n<p style=\"text-align: justify;\">Das Unfallkrankenhaus versorgt Patienten vom Zeitpunkt des Unfalls \u00fcber die Rehablitation bis zur Nachbehandlung, die bei diesen Patienten lebenslang erfolgen muss. Dabei stellen besonders die ersten Wochen nach dem Unfall eine besondere Herausforderung dar. Die Idee war nun, die M\u00f6glichkeiten einer Bauchstimulation bei Patienten mit einer akuten Erkrankung zu untersuchen. Ziel sollte eine Besserung der Behandlung sein, das heisst eine Minderung der Anzahl von Lungenentz\u00fcndungen, die bei diesen Patienten besonders h\u00e4ufig auftreten und der h\u00e4ufigste Grund f\u00fcr Todesf\u00e4lle sind.<\/p>\n<p style=\"text-align: justify;\">Das Unfallkrankenhaus ist eine berufsgenossenschaftliche Klinik. Berufsgenossenschafltiche Kliniken haben traditionell ein besonderes Interesse an der Versorgung von Patienten mit Verletzungen des R\u00fcckenmarks und eine enge Verbindung zur gesetzlichen Unfallversicherung. So war es naheliegend f\u00fcr die Finanzierung der Studie um eine Unterst\u00fctzung der Deutschen Gesetzlichen Unfallversicherung (DGUV) nachzusuchen. In einem Gutachtenverfahren wurde einer Unters\u00fctzung der Studie durch die Forschungsf\u00f6rderung der DGUV zugestimmt. Ohne diese Unterst\u00fctzung w\u00e4re uns die Durchf\u00fchrung der Studie nicht m\u00f6glich gewesen.<\/p>\n","protected":false},"excerpt":{"rendered":"<p>Wir m\u00f6chten in diesem Blog \u00fcber ein gemeinsames Forschungsprojekt der\u00a0TU Berlin und dem Unfallkrankenhaus Berlin, ukb berichten. Entstanden ist es aus einer schon bestehenden Kooperation in gemeinsamen Forschungsprojekten (www.bigdyspro.de). Bereits seit vielen Jahren gibt es eine freundschaftliche Kooperation am zwischen der Klinik f\u00fcr Hals-Nasen-Ohrenheilkunde und dem Behandlungszentrum f\u00fcr R\u00fcckenmarkverletzte am ukb.Das besonderes Augenmerk richtet sich [&hellip;]<\/p>\n","protected":false},"author":2,"featured_media":0,"parent":0,"menu_order":0,"comment_status":"closed","ping_status":"open","template":"","meta":[],"_links":{"self":[{"href":"https:\/\/www.abdomenstim.de\/de\/index.php?rest_route=\/wp\/v2\/pages\/10"}],"collection":[{"href":"https:\/\/www.abdomenstim.de\/de\/index.php?rest_route=\/wp\/v2\/pages"}],"about":[{"href":"https:\/\/www.abdomenstim.de\/de\/index.php?rest_route=\/wp\/v2\/types\/page"}],"author":[{"embeddable":true,"href":"https:\/\/www.abdomenstim.de\/de\/index.php?rest_route=\/wp\/v2\/users\/2"}],"replies":[{"embeddable":true,"href":"https:\/\/www.abdomenstim.de\/de\/index.php?rest_route=%2Fwp%2Fv2%2Fcomments&post=10"}],"version-history":[{"count":13,"href":"https:\/\/www.abdomenstim.de\/de\/index.php?rest_route=\/wp\/v2\/pages\/10\/revisions"}],"predecessor-version":[{"id":663,"href":"https:\/\/www.abdomenstim.de\/de\/index.php?rest_route=\/wp\/v2\/pages\/10\/revisions\/663"}],"wp:attachment":[{"href":"https:\/\/www.abdomenstim.de\/de\/index.php?rest_route=%2Fwp%2Fv2%2Fmedia&parent=10"}],"curies":[{"name":"wp","href":"https:\/\/api.w.org\/{rel}","templated":true}]}}