{"id":530,"date":"2012-12-13T14:00:21","date_gmt":"2012-12-13T13:00:21","guid":{"rendered":"http:\/\/www.abdomenstim.de\/de\/?page_id=530"},"modified":"2022-03-13T10:55:30","modified_gmt":"2022-03-13T09:55:30","slug":"forschungsstellen-multi","status":"publish","type":"page","link":"http:\/\/www.abdomenstim.de\/de\/?page_id=530","title":{"rendered":"Forschungsstellen Multi"},"content":{"rendered":"<h2>Unfallkrankenhaus Berlin<\/h2>\n<p>Das<a href=\"http:\/\/www.ukb.de\" target=\"_blank\" rel=\"noopener\"> Unfallkrankenhaus Berlin (UKB)<\/a> ist das regionale Schwerpunktkrankenhaus zur Maximalversorgung von Unfallopfern im Gro\u00dfraum Berlin und Brandenburg mit einem hohen \u00fcberregionalen Anteil an polytraumatisierten Patienten mit komplexen Verletzungsmustern. Das Haus ist eine Berufsgenossenschaftliche Unfallklinik (\u00c4rztlicher Direktor: Prof. Dr. A. Ekkernkamp) in alleiniger Tr\u00e4gerschaft des Hauptverbandes der Gewerblichen\u00a0 Berufsgenossenschaften.<\/p>\n<p>Die personelle und instrumentelle Ausr\u00fcstung des Hauses macht eine Krankenversorgung auf h\u00f6chstem Niveau m\u00f6glich. Die Ressourcen stehen f\u00fcr die Durchf\u00fchrung des geplanten Forschungsprojekts zur Verf\u00fcgung, was f\u00fcr die Durchf\u00fchrung des Forschungsprojekts Voraussetzung ist.<\/p>\n<h3>Klinik f\u00fcr Hals-Nasen-Ohren-Krankheiten<\/h3>\n<p>Der besondere Schwerpunkt der wissenschaftlichen Bem\u00fchungen der in diesem Antrag federf\u00fchrenden Klinik f\u00fcr Hals-Nasen-Ohren-Krankheiten liegt auf der Entwicklung von Hilfssystemen und Implantaten. Hier besteht bereits seit l\u00e4ngerem eine intensive und fruchtbare Zusammenarbeit mit verschiedenen universit\u00e4ren (TU Berlin, RWTH Aachen, Charit\u00e9) und industriellen (MedEl, Cochlea) Partnern. Dabei k\u00f6nnen f\u00fcr das geplante Forschungsprojekt synergistisch die vorhandenen Erfahrungen der Abteilung in der Entwicklung von H\u00f6rprothesen (CI, Vibrant Soundbridge), einer Handprothese und einer Neuroprothese zum Schlucken genutzt werden. Dieses Projekt hat den Innovationspreis des Bundesministeriums f\u00fcr Bildung und Forschung gewonnen (<a href=\"http:\/\/www.bigdyspro.de\">www.bigdyspro.de<\/a>).<\/p>\n<p>Bereits seit l\u00e4ngerem besteht eine enge wissenschaftliche Kooperation zwischen der Klinik f\u00fcr Hals-Nasen-Ohren-Krankheiten und dem Zentrum f\u00fcr R\u00fcckenmarkverletzte. Dies trug in der Vergangenheit Fr\u00fcchte in der t\u00e4glichen Krankenversorgung und fand seinen Niederschlag in einer Vielzahl von wissenschaftlichen Ver\u00f6ffentlichungen. Gemeinsam wurde die proof-of-conept Studie atemabh\u00e4ngigen Stimulation der Bauchmuskulatur bei akuten Tetraplegien (FR 182 ukb, gef\u00f6rdert durch die DGUV) als Vorarbeit auf die nun geplante multizentrische Studie durchgef\u00fchrt.<\/p>\n<h4>Liste der wichtigsten Ver\u00f6ffentlichungen<\/h4>\n<p>Nahrstaedt, H., Schauer, T., and Seidl, R.O. (2010). Bioimpedance based measurement system for a controlled swallowing neuro-prosthesis. In Proc. of 15th Annual International FES Society Conference and 10th Vienna Int. Workshop on FES, pp. 49\u201351.<\/p>\n<p>Schultheiss, C., Nusser-M\u00fcller-Busch, R., and Seidl, R.O. (2011). The semisolid bolus swallow test for clinical diagnosis of oropharyngeal dysphagia: a prospective randomised study. European Archives of Oto-Rhino-Laryngology 268, 1837\u20131844.<\/p>\n<p>Seidl, R.O., Nusser-Muller-Busch, R., Hollweg, W., Westhofen, M., and Ernst, A. (2007). Pilot study of a neurophysiological dysphagia therapy for neurological patients. Clin Rehabil 21, 686\u2013697.<\/p>\n<p>Seidl, R.O., Nusser-M\u00fcller-Busch, R., Kurzweil, M., and Niedeggen, A. (2009). Dysphagia in acute tetraplegics: a retrospective study. Spinal Cord 48, 197\u2013201.<\/p>\n<p>Seidl, R.O., Nusser-M\u00fcller-Busch, R., Westhofen, M., and Ernst, A. (2008a). Oropharyngeal findings of endoscopic examination in swallowing disorders of neurological origin. Eur Arch Otorhinolaryngol 265, 963\u2013970.<\/p>\n<p>Seidl, R.O., Todt, I., Westhofen, M., and Ernst, A. (2008b). Tracheal rupture in burns&#8211;a retrospective study. Burns 34, 525\u2013530.<\/p>\n<p>Seidl, R.O., Wolf, D., Nusser-M\u00fcller-Busch, R., and Niedeggen, A. (2010). Airway management in acute tetraplegics: a retrospective study. Eur Spine J 19, 1073\u20131078.<\/p>\n<h3>Zentrum f\u00fcr R\u00fcckenmarkverletzte<\/h3>\n<p>Das Zentrum f\u00fcr R\u00fcckenmarkverletzte ist f\u00fcr die Akut- und Rehabilitationsversorgung f\u00fcr die Bundesl\u00e4nder Berlin, Brandenburg und Mecklenburg-Vorpommern zust\u00e4ndig. Es hat 3 Stationen mit insgesamt 60 Betten, davon vier Beatmungsbetten die 2009 bis Heute zu mehr als 90% ausgelastet waren. Weiterhin k\u00f6nnen auf der Intensivstation und der Intermediate Care Einheit bis zu weiteren 6 beatmeten Patienten behandelt werden. Es wurden 2011 bis Heute (18 Monate) 105 akute Querschnittverletzungen versorgt, 43 (41%) waren Verletzungen des Halsmarks, 5 (12%) fielen dabei in den Bereich der DGUV.<\/p>\n<p>Das Zentrum f\u00fcr R\u00fcckenmarkverletzte ist in Zusammenarbeit mit weiteren Forschungsstellen (Neurologischen Klinik der Charite) an verschiedenen Forschungsprojekten beteiligt<\/p>\n<ol start=\"1\">\n<li>Klinische Studie &#8211; Neurologische und funktionelle Erholung nach akutem R\u00fcckenmarktrauma unter Ibuprofen versus Placebo: Untersuchung von Wirksamkeit und Sicherheit<\/li>\n<li>Sekund\u00e4re Immunsuppession durch R\u00fcckenmarkverletzungen &#8211; eine prospektive und multizentrische Studie.<\/li>\n<li>Spasticity in Stroke, randomisierte multizentrische Studie (SISTERS)<\/li>\n<\/ol>\n<p>Die abgeschlossenen Forschungsprojekte mit der Hals-Nasen-Ohren-Klinik des ukb fanden ihren Niederschlag in verschiedenen Ver\u00f6ffentlichungen.<\/p>\n<h4>Liste der wichtigsten Ver\u00f6ffentlichungen<\/h4>\n<p>Seidl, R.O., Wolf, D., Nusser-M\u00fcller-Busch, R., and Niedeggen, A. (2010). Airway management in acute tetraplegics: a retrospective study. Eur Spine J 19, 1073\u20131078.<\/p>\n<p>Seidl, R O, R Nusser-M\u00fcller-Busch, M Kurzweil, und A Niedeggen. \u201cDysphagia in acute tetraplegics: a retrospective study.\u201d Spinal Cord: The Official Journal of the International Medical Society of Paraplegia (August 11, 2009).<\/p>\n<p>Seidl, Rainer Ottis, A Niedeggen, I Todt, M Westhofen, und A Ernst. \u201cInfrahyoid muscle flap for pharyngeal fistulae after cervical spine surgery: a novel approach-Report of six cases.\u201d Eur Spine J 16 (2006): 501-505.<\/p>\n<p>Seidl, Rainer Ottis, und A Niedeggen. \u201cReply to the Letter to the Editor of R. Navarro et al. concerning &#8218;Infrahyoid muscle flap for pharyngeal fistulae after cervical spine surgery: a novel approach -report of six cases&#8216; (by R.O. Seidl et al., Eur Spine J (2007) 16: 501-505).\u201d Eur Spine J (2007).<\/p>\n<p>B\u00f6tel, U, E Gl\u00e4ser, A Niedeggen, und R Meindl. \u201cThe cost of ventilator-dependent spinal cord injuries-patients in the hospital and at home.\u201d Spinal Cord: The Official Journal of the International Medical Society of Paraplegia 35, Nr. 1 (Januar 1997): 40-42.<\/p>\n<p>B\u00f6tel, U, E Gl\u00e4ser, und A Niedeggen. \u201cThe surgical treatment of acute spinal paralysed patients.\u201d Spinal Cord: The Official Journal of the International Medical Society of Paraplegia 35, Nr. 7 (Juli 1997): 420-428.<\/p>\n<p>Ernst, A, und A Niedeggen. \u201c[The cervical spine&#8211;disorders of the craniocervical transition].\u201d Laryngo- Rhino- Otologie 84 Suppl 1 (Mai 2005): S261-271.<\/p>\n<p>Niedeggen, A, J Giesecke, W Diederichs, und U B\u00f6tel. \u201c[Traumatic paraplegia. Possibilities of therapy and rehabilitation in a modern treatment center].\u201d Zeitschrift F\u00fcr \u00c4rztliche Fortbildung Und Qualit\u00e4tssicherung 91, Nr. 5 (August 1997): 437-442.<\/p>\n<p>Niedeggen, A, O Rommel, A Theile, A Bosse, und U B\u00f6tel. \u201c[Cerebral and basilar artery thrombosis following cervical spinal injury].\u201d Zentralblatt F\u00fcr Neurochirurgie 60, Nr. 1 (1999): 20-26.<\/p>\n<p>Rommel, O, A Niedeggen, M Tegenthoff, P Kiwitt, U B\u00f6tel, und J Malin. \u201cCarotid and vertebral artery injury following severe head or cervical spine trauma.\u201d Cerebrovascular Diseases (Basel, Switzerland) 9, Nr. 4 (August 1999): 202-209.<\/p>\n<h2>Berufsgenossenschaftliche Unfallkrankenhaus Hamburg<\/h2>\n<p>Das <a href=\"http:\/\/www.buk-hamburg.de\/\" target=\"_blank\" rel=\"noopener\">Berufsgenossenschaftliche Unfallkrankenhaus Hamburg (BUKH)<\/a> ist eine Einrichtung der Berufsgenossenschaften, den Tr\u00e4gern der gesetzlichen Unfallversicherung. Diese allein finanzieren das Krankenhaus. \u00d6ffentliche Mittel werden nicht gew\u00e4hrt. Die gesetzliche Unfallversicherung erstreckt sich nicht nur auf Arbeitsunf\u00e4lle, sondern auch auf Berufskrankheiten. Um schnell und erfolgreich helfen zu k\u00f6nnen, haben die Berufsgenossenschaften, die mit der Umsetzung der Unfallversicherung betraut sind, ein engmaschiges Sicherungsnetz gekn\u00fcpft, das die bestm\u00f6gliche Rehabilitation gew\u00e4hrleistet. Dennoch steht das Krankenhaus nicht allein Patienten der Berufsgenossenschaften offen.<\/p>\n<h3>Querschnittgel\u00e4hmten-Zentrum<\/h3>\n<p>Das <a href=\"http:\/\/www.buk-hamburg.de\/behandlungsspektrum\/querschnittlaehmungen\/\" target=\"_blank\" rel=\"noopener\">Querschnittgel\u00e4hmten-Zentrum (QZ)<\/a> ist eine Modelleinrichtung der Berufsgenossenschaften. Hier werden die Menschen nach dem Prinzip der umfassenden Behandlung Querschnittgel\u00e4hmter betreut. Diese umfasst die erste Phase der Frischverletztenbehandlung, die zweite Phase der weiterf\u00fchrenden Mobilisation und die dritte Phase der lebenslangen Nachsorge, die der Fr\u00fcherkennung und der Behandlung aufgetretener Komplikationen gewidmet ist. Behandelt werden Patienten, die ihre Querschnittl\u00e4hmung entweder aufgrund eines Unfalles oder aufgrund einer Erkrankung erworben haben. Im Jahr 2011 wurden 212 frische F\u00e4lle behandelt, dar\u00fcber hinaus 450 Patienten, die aufgrund von Komplikationen zur Wiederaufnahme kommen. \u00dcber 45% dieser Betroffenen waren Tetraplegiker, teilweise mit gleichzeitiger Ateml\u00e4hmung, d.h. einer ultrahohen Querschnittl\u00e4hmung. 121 Betten auf 7 Stationen stehen zur Verf\u00fcgung. Die Aufnahmestation hat die M\u00f6glichkeit der \u00dcberwachung (Monitoring) und f\u00fchrt so als Schwerpunkt die intermediate care durch bis zur Fr\u00fchmobilisation. 5 Stationen dienen der weiterf\u00fchrenden Mobilisation bis zum Abschluss der Erstbehandlung, sowie der Behandlung aufgetretener Komplikationen im Rahmen der lebenslangen Nachsorge. Schwerpunkt ist hierbei die Sanierung von Weichteilsch\u00e4den (Druckgeschw\u00fcre) mit plastisch-chirurgischen Methoden und die Behandlung komplexer neurourologischer Probleme. Auch pr\u00e4ventive Check-Untersuchungen werden hier durchgef\u00fchrt. Eine Besonderheit ist die Hochgel\u00e4hmten-Station, die beatmungspflichtige Tetraplegiker betreut. Diese werden mit geeigneten mechanischen Beatmungsger\u00e4ten oder Zwerchfellnervenschrittmachern versorgt. Ziele dieser Behandlung sind die Herstellung der Sprachf\u00e4higkeit, eine selbstbestimmte Mobilit\u00e4t im elektrisch betriebenen Rollstuhl mit einer Spezialsteuerung sowie die Unterbringung in einer behindertengerecht zugerichteten h\u00e4uslichen Wohnsituation.<\/p>\n<h4>Liste der wichtigsten Ver\u00f6ffentlichungen<\/h4>\n<p>R B\u00f6thig, S Hirschfeld and R Thietje. \u201cQuality of life and urological morbidity in tetraplegics with artificial ventilation managed with suprapubic or intermittent catheterization\u201d Spinal Cord (2012) 50, 247-251<\/p>\n<p>Thietje R, Hirschfeld S, Pouw MP. \u201cMortality in patients with traumatic spinal cord Injury: Descriptive analysis of 62 deceased subjects.\u201d Journal of Spinal Cord Medicine (2011) 34, 482-486<\/p>\n<p>Thietje R, Giese R, Pouw MH, Kaphengst C, Hosman AJF, Kienast B,van de Meent H, Hirschfeld S. \u201cHow does knowledge about spinal cord injury related complications in subjects with spinal cord injury? A descriptive analysis in 214 patients\u201d Spinal Cord (2011) 49, 43-48<\/p>\n<p>Anneken V, Hannssen-Doose A, Hirschfeld S, Scheuer T, Thietje R.\u201d Influence of physical exercise on quality of life in individuals with spinal cord Journal\u201d Spinal Cord (2010) 48, 393-399<\/p>\n<p>Hirschfeld S, Exner G, Tiedemann S, Thietje R. \u201dLangzeitbeatmung querschnittgel\u00e4hmter Patienten: Ergebnisse und Ausblicke aus 25 Jahren Erfahrung mit klinischer und au\u00dferklinischer Beatmung\u201c Trauma und Berufskrankheit (2010), 12, 177-181<\/p>\n<p>Thietje R, Giese R, Kaphengst C, Runde P<sup>, <\/sup>Schulz AP.\u201dParameters for positive Outcome of the In-Hospital Rehabilitation of Spinal Cord Lesion Patients- The Boberg Quality Score\u201d Spinal Cord (2010) 48, 537-541<\/p>\n<p>Thietje R, Giese R, Exner G, Runde P. \u201dBoberger Qualit\u00e4tsscore (BobScore). Ergebnisqualit\u00e4tsscore f\u00fcr die erfolgreiche Rehabilitation und gesellschaftliche (Re-)Integration von querschnittgel\u00e4hmten Patienten\u201c. Trauma und Berufskrankheit (2006), 8, 194-198<\/p>\n<p>Thietje R, Kienast B, Schulz AP, Hirschfeld S<strong>. \u201c<\/strong>Problematik DRG-Abrechnung bei Querschnittl\u00e4hmung: Einf\u00fchrung eines fallbezogenen Entgeltsystems (DRG) kontra umfassende Behandlung\u201c Trauma und Berufskrankheit (2010) 12, 203-207<\/p>\n<p>Thietje R, Kowald B, Hirschfeld S. \u201eWoran sterben Querschnittgel\u00e4hmte heute \u2013 Eine Nachuntersuchung von 102 F\u00e4llen\u201c. Die Rehabilitation (2011)<\/p>\n<p>Hirschfeld S, Exner G, Baer G\u201cMechanical Ventilation or Phrenic Nerve Stimulation for treatment of Spinal\u201d. Cord Injury-induced Respiratory Insufficiency. Spinal Cord (2008) 46, 738-742<\/p>\n<p>R B\u00f6thig, K Fiebag, R Thietje, M Faschingbauer and S Hirschfeld.\u201dMorbidity of urinary tract infection after urodynamic examination of hospitalized SCI patients: the impact of bladder management\u201d Spinal Cord (2012), 1\u20134<\/p>\n<h2>Berufsgenossenschaftliche Klinik Murnau<\/h2>\n<p>Die <a href=\"http:\/\/www.bgu-murnau.de\/de-DE\/index.php\" target=\"_blank\" rel=\"noopener\">Berufsgenossenschaftliche Klinik Murnau<\/a> ist seit Jahrzehnten auf die Versorgung Unfallverletzter spezialisiert. In unserem Haus arbeiten alle Fachabteilungen Hand in Hand und gew\u00e4hrleisten auf diese Weise eine sorgf\u00e4ltige und vor allem ganzheitliche Behandlung des Patienten. Neben der Akutversorgung ist die Rehabilitation ein Schwerpunkt unserer Klinik. Sie gliedert sich in drei Abteilungen: Die BG-Rehabilitation behandelt Patienten mit Unfallverletzungen, die vor allem die Gliedma\u00dfen und den Stamm betreffen. Ziel ist hier die Wiederherstellung einer guten Funktion und im Rahmen der arbeitsplatzbezogenen Rehabilitation die Wiedereingliederung in den Beruf. Die Neuro-Rehabilitation k\u00fcmmert sich um Patienten mit schweren Kopfverletzungen, die aufgrund von neurologischen Ausf\u00e4llen einer spezifischen Therapie bed\u00fcrfen. Neben Physio- und Ergotherapeuten sind hier auch h\u00e4ufig die Logop\u00e4den involviert. Die dritte S\u00e4ule ist die querschnittspezifische Rehabilitation. Hier werden Patienten mit einer &#8222;frischen&#8220; Querschnittsl\u00e4hmung angelernt, eine f\u00fcr ihre L\u00e4hmungsh\u00f6he gr\u00f6\u00dftm\u00f6gliche Selbst\u00e4ndigkeit zu erreichen, um in ihrem weiteren Alltag m\u00f6glich.<\/p>\n<h3>Zentrum f\u00fcr R\u00fcckenmarkverletzte<\/h3>\n<p>Die Versorgung von <a href=\"http:\/\/www.bgu-murnau.de\/de-DE\/medizin\/fachabteilungen\/chirurgische-bereiche\/rueckenmarkverletzte\/\" target=\"_blank\" rel=\"noopener\">R\u00fcckenmarkverletzten<\/a> ist durch die von uns gew\u00e4hrleistete \u201eVersorgung aus einer Hand\u201c deutschlandweit einzigartig, d. h. wir betreuen querschnittverletzte Patienten vom Unfallort \u00fcber Akutphase und Rehabilitation bis zur Entlassung nach Hause, und \u00fcbernehmen im interdisziplin\u00e4ren Team auch die lebenslange Nachbetreuung. Weitere Schwerpunkte unserer Abteilung sind Wissenschaft und klinische Forschung, um auch weiterhin R\u00fcckenmarkverletzte auf h\u00f6chstem Niveau und nach dem aktuellsten Stand der Forschung versorgen zu k\u00f6nnen. Das Zentrum f\u00fcr R\u00fcckenmarkverletzte ist beispielhaft an folgenden Forschungsprojekten beteiligt.<\/p>\n<ol>\n<li>ATI355A2102 \u2013 A multi-center, open label, cohort study to assess<br \/>\nfeasibility, acute safety, tolerability and pharmacokinetics of 4 dose regimens of intrathecal ATI355 infusion in acute spinal cord injury patients.<\/li>\n<li>European Multicenter Study about Spinal Cord Injury \u2013 Group Collaborators.<\/li>\n<\/ol>\n<h4>Liste der wichtigsten Ver\u00f6ffentlichungen<\/h4>\n<p>H\u00f6gel F, Mach O, Maier D. \u201cFunctional outcome of patients 12 and 48 weeks afteracute traumatic tetraplegia and paraplegia: data analysis from 2004-2009.\u201d Spinal Cord. 2012 Jul;50(7):517-20.<\/p>\n<p>van Middendorp JJ, Pouw MH, Hayes KC, Williams R, Chhabra HS, Putz C, Veth RP,Geurts AC, Aito S, Kriz J, McKinley W, van Asbeck FW, Curt A, Fehlings MG, Van de Meent H, Hosman AJ.\u201dEM-SCI Study Group Collaborators. Diagnostic criteria of traumatic central cord syndrome. Part 2: a questionnaire survey among spine specialists.\u201d Spinal Cord. 2010 Sep;48(9):657-63.<\/p>\n<p>Curt A, Van Hedel HJ, Klaus D, Dietz V; EM-SCI Study Group. \u201cRecovery from a spinal cord injury: significance of compensation, neural plasticity, and repair.\u201d J Neurotrauma. 2008 Jun;25(6):677-85.<\/p>\n<p>Maier D. \u201cHeterotopic ossification spinal cord injury. Management through early diagnosis and therapy\u201d. Orthopade. 2005 Feb;34(2):120, 122-7.<\/p>\n<p>&nbsp;<\/p>\n","protected":false},"excerpt":{"rendered":"<p>Unfallkrankenhaus Berlin Das Unfallkrankenhaus Berlin (UKB) ist das regionale Schwerpunktkrankenhaus zur Maximalversorgung von Unfallopfern im Gro\u00dfraum Berlin und Brandenburg mit einem hohen \u00fcberregionalen Anteil an polytraumatisierten Patienten mit komplexen Verletzungsmustern. Das Haus ist eine Berufsgenossenschaftliche Unfallklinik (\u00c4rztlicher Direktor: Prof. Dr. A. Ekkernkamp) in alleiniger Tr\u00e4gerschaft des Hauptverbandes der Gewerblichen\u00a0 Berufsgenossenschaften. Die personelle und instrumentelle Ausr\u00fcstung [&hellip;]<\/p>\n","protected":false},"author":2,"featured_media":0,"parent":0,"menu_order":0,"comment_status":"closed","ping_status":"closed","template":"","meta":[],"_links":{"self":[{"href":"http:\/\/www.abdomenstim.de\/de\/index.php?rest_route=\/wp\/v2\/pages\/530"}],"collection":[{"href":"http:\/\/www.abdomenstim.de\/de\/index.php?rest_route=\/wp\/v2\/pages"}],"about":[{"href":"http:\/\/www.abdomenstim.de\/de\/index.php?rest_route=\/wp\/v2\/types\/page"}],"author":[{"embeddable":true,"href":"http:\/\/www.abdomenstim.de\/de\/index.php?rest_route=\/wp\/v2\/users\/2"}],"replies":[{"embeddable":true,"href":"http:\/\/www.abdomenstim.de\/de\/index.php?rest_route=%2Fwp%2Fv2%2Fcomments&post=530"}],"version-history":[{"count":7,"href":"http:\/\/www.abdomenstim.de\/de\/index.php?rest_route=\/wp\/v2\/pages\/530\/revisions"}],"predecessor-version":[{"id":661,"href":"http:\/\/www.abdomenstim.de\/de\/index.php?rest_route=\/wp\/v2\/pages\/530\/revisions\/661"}],"wp:attachment":[{"href":"http:\/\/www.abdomenstim.de\/de\/index.php?rest_route=%2Fwp%2Fv2%2Fmedia&parent=530"}],"curies":[{"name":"wp","href":"https:\/\/api.w.org\/{rel}","templated":true}]}}